{"id":266,"date":"2025-06-29T13:28:23","date_gmt":"2025-06-29T11:28:23","guid":{"rendered":"https:\/\/www.crosswork-service.de\/?page_id=266"},"modified":"2025-06-29T14:34:25","modified_gmt":"2025-06-29T12:34:25","slug":"ueber-uns","status":"publish","type":"page","link":"https:\/\/www.crosswork-service.de\/?page_id=266","title":{"rendered":"\u00dcber uns"},"content":{"rendered":"\n<div class=\"wp-block-group alignfull is-layout-constrained wp-block-group-is-layout-constrained\">\n<div class=\"wp-block-cover alignfull\"><img fetchpriority=\"high\" decoding=\"async\" width=\"1024\" height=\"685\" class=\"wp-block-cover__image-background wp-image-122\" alt=\"\" src=\"https:\/\/www.crosswork-service.de\/wp-content\/uploads\/2024\/11\/pexels-pixabay-273250-1024x685.jpg\" data-object-fit=\"cover\" srcset=\"https:\/\/www.crosswork-service.de\/wp-content\/uploads\/2024\/11\/pexels-pixabay-273250-1024x685.jpg 1024w, https:\/\/www.crosswork-service.de\/wp-content\/uploads\/2024\/11\/pexels-pixabay-273250-300x201.jpg 300w, https:\/\/www.crosswork-service.de\/wp-content\/uploads\/2024\/11\/pexels-pixabay-273250-768x514.jpg 768w, https:\/\/www.crosswork-service.de\/wp-content\/uploads\/2024\/11\/pexels-pixabay-273250-1536x1028.jpg 1536w, https:\/\/www.crosswork-service.de\/wp-content\/uploads\/2024\/11\/pexels-pixabay-273250-2048x1371.jpg 2048w\" sizes=\"(max-width: 1024px) 100vw, 1024px\" \/><span aria-hidden=\"true\" class=\"wp-block-cover__background has-background-dim\"><\/span><div class=\"wp-block-cover__inner-container is-layout-flow wp-block-cover-is-layout-flow\">\n<p class=\"has-text-align-center has-large-font-size\"><strong>Unsere Story &amp; unser Antrieb<\/strong><br><\/p>\n\n\n\n<p><strong>Seit 2021 rockt die Crosswork-Service GmbH die Lagerlogistik \u2013 mit einem festen Team von 30 motivierten Profis. Wir packen tatkr\u00e4ftig an und unterst\u00fctzen Nagel Logistics mit handverlesenen Logistikspezialist:innen, die wissen, was sie tun. Ob im t\u00e4glichen Wareneingang oder bei spontanen Sondereins\u00e4tzen: Unser Team liefert dir jederzeit die n\u00f6tige Power, damit deine Abl\u00e4ufe rundlaufen. Pers\u00f6nliche Betreuung, ultraschnelle Reaktionszeiten und umfassendes Branchen-Know-How sind unser Ding. Dein Projekt ist bei uns in sicheren H\u00e4nden \u2013 flexibel, verl\u00e4sslich und immer mit \u2019nem L\u00e4cheln im Lager.<\/strong><\/p>\n<\/div><\/div>\n<\/div>\n\n\n\n<div class=\"wp-block-group alignfull has-ti-fg-alt-color has-ti-bg-background-color has-text-color has-background is-layout-constrained wp-container-core-group-is-layout-4fdf28be wp-block-group-is-layout-constrained\" style=\"margin-top:0px;margin-bottom:0px;padding-top:64px;padding-bottom:64px\">\n<div class=\"wp-block-group alignwide is-layout-constrained wp-container-core-group-is-layout-105570a8 wp-block-group-is-layout-constrained\">\n<h3 class=\"wp-block-heading has-text-align-center has-ti-fg-color has-text-color has-link-color wp-elements-90fc3c7d9fc2572b17e222680e2113b6\">Daf\u00fcr steht die Crosswork-Service GmbH<\/h3>\n\n\n\n<div class=\"wp-block-columns alignwide is-layout-flex wp-container-core-columns-is-layout-28f84493 wp-block-columns-is-layout-flex\">\n<div class=\"wp-block-column is-layout-flow wp-block-column-is-layout-flow\" style=\"flex-basis:33.34%\">\n<div class=\"wp-block-group has-ti-bg-inv-background-color has-background is-layout-constrained wp-container-core-group-is-layout-138c33e9 wp-block-group-is-layout-constrained\" style=\"border-width:1px;padding-top:32px;padding-right:32px;padding-bottom:32px;padding-left:32px\">\n<h3 class=\"wp-block-heading has-text-align-center has-medium-font-size\">\ud83d\ude0a <strong>Kundenzufriedenheit<\/strong><\/h3>\n\n\n\n<p class=\"has-text-align-center\">Dein Erfolg ist unser Antrieb. Wir h\u00f6ren genau hin, checken, was du wirklich brauchst, und legen alles daran, deine Erwartungen nicht nur zu erf\u00fcllen, sondern zu sprengen.<\/p>\n\n\n\n<p><\/p>\n<\/div>\n<\/div>\n\n\n\n<div class=\"wp-block-column is-layout-flow wp-block-column-is-layout-flow\" style=\"flex-basis:33.34%\">\n<div class=\"wp-block-group has-ti-bg-inv-background-color has-background is-layout-constrained wp-container-core-group-is-layout-138c33e9 wp-block-group-is-layout-constrained\" style=\"border-width:1px;padding-top:32px;padding-right:32px;padding-bottom:32px;padding-left:32px\">\n<h3 class=\"wp-block-heading has-text-align-center has-medium-font-size\">\u2b50\ufe0f <strong>Top-Qualit\u00e4t<\/strong><\/h3>\n\n\n\n<p class=\"has-text-align-center\">Bei uns kommt nur Bestes ins Lager. Durch clevere Auswahl, regelm\u00e4\u00dfige Schulungen und ein Auge f\u00fcrs Detail sorgen wir daf\u00fcr, dass unsere Services auf h\u00f6chstem Niveau laufen.<\/p>\n<\/div>\n<\/div>\n\n\n\n<div class=\"wp-block-column is-layout-flow wp-block-column-is-layout-flow\" style=\"flex-basis:33.33%\">\n<div class=\"wp-block-group has-ti-bg-inv-background-color has-background is-layout-constrained wp-container-core-group-is-layout-138c33e9 wp-block-group-is-layout-constrained\" style=\"border-width:1px;padding-top:32px;padding-right:32px;padding-bottom:32px;padding-left:32px\">\n<h3 class=\"wp-block-heading has-text-align-center has-medium-font-size\">\ud83d\udc4d <strong>Zuverl\u00e4ssigkeit<\/strong><\/h3>\n\n\n\n<p class=\"has-text-align-center\">Wenn wir\u2019s zusagen, dann halten wir\u2019s auch. P\u00fcnktlich, transparent und immer mit vollem Einsatz \u2013 damit du dich entspannt zur\u00fccklehnen kannst.<\/p>\n\n\n\n<p><\/p>\n<\/div>\n<\/div>\n<\/div>\n<\/div>\n\n\n\n<div class=\"wp-block-columns alignwide is-layout-flex wp-container-core-columns-is-layout-28f84493 wp-block-columns-is-layout-flex\">\n<div class=\"wp-block-column is-layout-flow wp-block-column-is-layout-flow\" style=\"flex-basis:33.34%\">\n<div class=\"wp-block-group has-ti-bg-inv-background-color has-background is-layout-constrained wp-container-core-group-is-layout-138c33e9 wp-block-group-is-layout-constrained\" style=\"border-width:1px;padding-top:32px;padding-right:32px;padding-bottom:32px;padding-left:32px\">\n<h3 class=\"wp-block-heading has-text-align-center has-medium-font-size\">\ud83e\udd1d <strong>Respekt<\/strong><\/h3>\n\n\n\n<p class=\"has-text-align-center\">Fairness und Wertsch\u00e4tzung sind f\u00fcr uns kein Add-On, sondern die Basis. Ob im Team oder gegen\u00fcber Kunden: Wir begegnen jedem Mensch auf Augenh\u00f6he.<\/p>\n<\/div>\n<\/div>\n\n\n\n<div class=\"wp-block-column is-layout-flow wp-block-column-is-layout-flow\" style=\"flex-basis:33.34%\">\n<div class=\"wp-block-group has-ti-bg-inv-background-color has-background is-layout-constrained wp-container-core-group-is-layout-138c33e9 wp-block-group-is-layout-constrained\" style=\"border-width:1px;padding-top:32px;padding-right:32px;padding-bottom:32px;padding-left:32px\">\n<h3 class=\"wp-block-heading has-text-align-center has-medium-font-size\">\ud83d\udcbc <strong>Professionalit\u00e4t<\/strong><\/h3>\n\n\n\n<p class=\"has-text-align-center\">Unsere Crew kennt ihr Handwerk \u2013 von A wie Wareneingang bis Z wie Inventur. Fachkompetenz und ein professionelles Auftreten sind bei uns Standard.<\/p>\n<\/div>\n<\/div>\n\n\n\n<div class=\"wp-block-column is-layout-flow wp-block-column-is-layout-flow\" style=\"flex-basis:33.33%\">\n<div class=\"wp-block-group has-ti-bg-inv-background-color has-background is-layout-constrained wp-container-core-group-is-layout-138c33e9 wp-block-group-is-layout-constrained\" style=\"border-width:1px;padding-top:32px;padding-right:32px;padding-bottom:32px;padding-left:32px\">\n<h3 class=\"wp-block-heading has-text-align-center has-medium-font-size\">\ud83c\udf31 <strong>Nachhaltigkeit<\/strong><\/h3>\n\n\n\n<p class=\"has-text-align-center\">Wir denken langfristig: ressourcenschonende Abl\u00e4ufe, umweltfreundliche Verpackungen und clevere Konzepte, die Lagerlogistik gr\u00fcner machen.<\/p>\n<\/div>\n<\/div>\n<\/div>\n<\/div>\n\n\n\n<div class=\"wp-block-group alignfull is-layout-constrained wp-container-core-group-is-layout-4fdf28be wp-block-group-is-layout-constrained\" style=\"margin-top:0px;margin-bottom:0px;padding-top:64px;padding-bottom:64px\">\n<div class=\"wp-block-group alignwide is-layout-constrained wp-container-core-group-is-layout-105570a8 wp-block-group-is-layout-constrained\">\n<h2 class=\"wp-block-heading has-text-align-center\">Unsere Leistungen<\/h2>\n<\/div>\n\n\n\n<div class=\"wp-block-columns alignwide is-layout-flex wp-container-core-columns-is-layout-28f84493 wp-block-columns-is-layout-flex\">\n<div class=\"wp-block-column is-layout-flow wp-block-column-is-layout-flow\" style=\"flex-basis:33.34%\">\n<div class=\"wp-block-group has-ti-bg-alt-background-color has-background is-layout-constrained wp-container-core-group-is-layout-54d875c6 wp-block-group-is-layout-constrained\" style=\"border-radius:5px;padding-top:32px;padding-right:32px;padding-bottom:32px;padding-left:32px\">\n<h3 class=\"wp-block-heading has-text-align-center has-medium-font-size\">\ud83d\udce6 Effiziente Lagerlogistik<\/h3>\n\n\n\n<p class=\"has-text-align-center\">Wir steuern deine Lagerprozesse von Wareneingang bis Bestandsverwaltung. Mit smarten Abl\u00e4ufen und klarer Struktur sorgen wir daf\u00fcr, dass jede Palette am richtigen Ort landet \u2013 p\u00fcnktlich und effizient.<\/p>\n<\/div>\n<\/div>\n\n\n\n<div class=\"wp-block-column is-layout-flow wp-container-core-column-is-layout-1a0eff7f wp-block-column-is-layout-flow\" style=\"flex-basis:33.34%\">\n<div class=\"wp-block-group has-ti-bg-alt-background-color has-background is-layout-constrained wp-container-core-group-is-layout-54d875c6 wp-block-group-is-layout-constrained\" style=\"border-radius:5px;padding-top:32px;padding-right:32px;padding-bottom:32px;padding-left:32px\">\n<h3 class=\"wp-block-heading has-text-align-center has-medium-font-size\">\u2702\ufe0f Profi-Co-Packing<\/h3>\n\n\n\n<p class=\"has-text-align-center\">Ob Umpacken, Etikettieren oder individuelle Sets: Unser Team passt sich deinen Anforderungen an und liefert passgenaue L\u00f6sungen. So kannst du dich auf dein Kerngesch\u00e4ft konzentrieren, w\u00e4hrend wir den Feinschliff \u00fcbernehmen.<\/p>\n<\/div>\n<\/div>\n\n\n\n<div class=\"wp-block-column is-vertically-aligned-center is-layout-flow wp-container-core-column-is-layout-1a0eff7f wp-block-column-is-layout-flow\" style=\"flex-basis:33.33%\">\n<div class=\"wp-block-group has-ti-bg-alt-background-color has-background is-layout-constrained wp-container-core-group-is-layout-9a0d9e06 wp-block-group-is-layout-constrained\" style=\"border-radius:5px;padding-top:32px;padding-right:32px;padding-bottom:32px;padding-left:32px\">\n<h3 class=\"wp-block-heading has-text-align-center has-medium-font-size\">\ud83c\udfaf Kommissionierung<\/h3>\n\n\n\n<p class=\"has-text-align-center\">Mit digital unterst\u00fctzten Picklisten und erfahrenen Kr\u00e4ften garantieren wir fehlerfreie Zusammenstellung deiner Auftr\u00e4ge. Das Ergebnis: zufriedene Kunden und weniger Retouren.<\/p>\n<\/div>\n<\/div>\n<\/div>\n\n\n\n<div class=\"wp-block-group alignfull is-layout-constrained wp-block-group-is-layout-constrained\">\n<div class=\"wp-block-columns alignwide are-vertically-aligned-center is-layout-flex wp-container-core-columns-is-layout-28f84493 wp-block-columns-is-layout-flex\">\n<div class=\"wp-block-column is-vertically-aligned-center is-layout-flow wp-block-column-is-layout-flow\" style=\"flex-basis:33.34%\">\n<div class=\"wp-block-group has-ti-bg-alt-background-color has-background is-layout-constrained wp-container-core-group-is-layout-54d875c6 wp-block-group-is-layout-constrained\" style=\"border-radius:5px;padding-top:32px;padding-right:32px;padding-bottom:32px;padding-left:32px\">\n<h3 class=\"wp-block-heading has-text-align-center has-medium-font-size\">\ud83d\ude9a Be- &amp; Entladung<\/h3>\n\n\n\n<p class=\"has-text-align-center\">Unsere geschulten Logistiker be- und entladen deine Lkw schnell und sicher \u2013 immer mit Blick auf Prozessoptimierung und Produktschutz. Damit deine Lieferkette rund um die Uhr l\u00e4uft.<\/p>\n<\/div>\n<\/div>\n\n\n\n<div class=\"wp-block-column is-layout-flow wp-block-column-is-layout-flow\">\n<div class=\"wp-block-group has-ti-bg-alt-background-color has-background is-content-justification-left is-layout-constrained wp-container-core-group-is-layout-69f4e13d wp-block-group-is-layout-constrained\" style=\"border-radius:5px;padding-top:32px;padding-right:32px;padding-bottom:32px;padding-left:32px\">\n<h3 class=\"wp-block-heading has-text-align-center has-medium-font-size\">\ud83d\udc65 Personalleasing<\/h3>\n\n\n\n<p class=\"has-text-align-center\">Kurzfristig qualifiziertes Personal ohne Bewerbungsstress \u2013 wir \u00fcbernehmen Vertr\u00e4ge, Sozialversicherung &amp; Co. Sie behalten volle Kostentransparenz und Flexibilit\u00e4t, perfekt f\u00fcr Auftragsspitzen, Sondereins\u00e4tze oder Urlaubsvertretung.<\/p>\n<\/div>\n<\/div>\n\n\n\n<div class=\"wp-block-column is-vertically-aligned-center is-layout-flow wp-block-column-is-layout-flow\" style=\"flex-basis:33.34%\">\n<div class=\"wp-block-group has-ti-bg-alt-background-color has-background is-layout-constrained wp-container-core-group-is-layout-54d875c6 wp-block-group-is-layout-constrained\" style=\"border-radius:5px;padding-top:32px;padding-right:32px;padding-bottom:32px;padding-left:32px\">\n<h3 class=\"wp-block-heading has-text-align-center has-medium-font-size\">\ud83d\ude9c Staplerfahrer<\/h3>\n\n\n\n<p class=\"has-text-align-center\">Vom engen Hochregal bis zur Schwerlastpalette: Unsere Staplerfahrer man\u00f6vrieren pr\u00e4zise und schonend durch dein Lager. Kompetenz und Verantwortung f\u00fcr deinen innerbetrieblichen Transport.<\/p>\n<\/div>\n<\/div>\n<\/div>\n<\/div>\n<\/div>\n\n\n\n<div class=\"wp-block-group alignfull has-text-color has-background is-layout-flow wp-block-group-is-layout-flow\" style=\"color:#000000;background-color:#ffffff\">\n<p class=\"has-text-align-center has-medium-font-size\" style=\"line-height:0.9\"><strong><strong>Kontakt aufnehmen<\/strong><\/strong><\/p>\n\n\n\n<h2 class=\"wp-block-heading has-text-align-center\" id=\"schedule-a-visit\" style=\"font-size:clamp(32.969px, 2.061rem + ((1vw - 3.2px) * 3.175), 59px);px;line-height:1.15\"><strong>Jetzt anrufen!<\/strong><\/h2>\n\n\n\n<div class=\"wp-block-buttons is-horizontal is-content-justification-center is-layout-flex wp-container-core-buttons-is-layout-03627597 wp-block-buttons-is-layout-flex\">\n<div class=\"wp-block-button has-custom-width wp-block-button__width-50\"><a class=\"wp-block-button__link has-text-color has-background wp-element-button\" style=\"border-radius:50px;color:#ffffff;background-color:#000000\"><strong>0621 \/ 65798925<\/strong><\/a><\/div>\n<\/div>\n<\/div>\n","protected":false},"excerpt":{"rendered":"<p>Daf\u00fcr steht die Crosswork-Service GmbH \ud83d\ude0a Kundenzufriedenheit Dein Erfolg ist unser Antrieb. Wir h\u00f6ren genau hin, checken, was du wirklich brauchst, und legen alles daran, deine Erwartungen nicht nur zu erf\u00fcllen, sondern zu sprengen. \u2b50\ufe0f Top-Qualit\u00e4t Bei uns kommt nur Bestes ins Lager. Durch clevere Auswahl, regelm\u00e4\u00dfige Schulungen und ein Auge f\u00fcrs Detail sorgen wir [&hellip;]<\/p>\n","protected":false},"author":1,"featured_media":0,"parent":0,"menu_order":0,"comment_status":"closed","ping_status":"closed","template":"","meta":{"footnotes":""},"class_list":["post-266","page","type-page","status-publish","hentry"],"_links":{"self":[{"href":"https:\/\/www.crosswork-service.de\/index.php?rest_route=\/wp\/v2\/pages\/266","targetHints":{"allow":["GET"]}}],"collection":[{"href":"https:\/\/www.crosswork-service.de\/index.php?rest_route=\/wp\/v2\/pages"}],"about":[{"href":"https:\/\/www.crosswork-service.de\/index.php?rest_route=\/wp\/v2\/types\/page"}],"author":[{"embeddable":true,"href":"https:\/\/www.crosswork-service.de\/index.php?rest_route=\/wp\/v2\/users\/1"}],"replies":[{"embeddable":true,"href":"https:\/\/www.crosswork-service.de\/index.php?rest_route=%2Fwp%2Fv2%2Fcomments&post=266"}],"version-history":[{"count":12,"href":"https:\/\/www.crosswork-service.de\/index.php?rest_route=\/wp\/v2\/pages\/266\/revisions"}],"predecessor-version":[{"id":319,"href":"https:\/\/www.crosswork-service.de\/index.php?rest_route=\/wp\/v2\/pages\/266\/revisions\/319"}],"wp:attachment":[{"href":"https:\/\/www.crosswork-service.de\/index.php?rest_route=%2Fwp%2Fv2%2Fmedia&parent=266"}],"curies":[{"name":"wp","href":"https:\/\/api.w.org\/{rel}","templated":true}]}}